{"id":20,"date":"2021-05-31T09:41:54","date_gmt":"2021-05-31T07:41:54","guid":{"rendered":"http:\/\/la-verriere-arles.com\/?page_id=20"},"modified":"2025-12-05T11:01:08","modified_gmt":"2025-12-05T10:01:08","slug":"la-verriere-arles-espace-coworking","status":"publish","type":"page","link":"https:\/\/la-verriere-arles.com\/","title":{"rendered":"Accueil"},"content":{"rendered":"[vc_row full_width=\u00a0\u00bbstretch_row\u00a0\u00bb parallax=\u00a0\u00bbcontent-moving\u00a0\u00bb parallax_image=\u00a0\u00bb231&Prime; css=\u00a0\u00bb.vc_custom_1623060079383{margin-top: px !important;margin-bottom: px !important;padding-top: 500px !important;padding-bottom: 500px !important;}\u00a0\u00bb][vc_column css=\u00a0\u00bb.vc_custom_1623229994575{padding-top: 0px !important;}\u00a0\u00bb][vc_row_inner css=\u00a0\u00bb.vc_custom_1622472135593{padding-top: 0px !important;padding-bottom: 80px !important;}\u00a0\u00bb][vc_column_inner width=\u00a0\u00bb1\/4&Prime;][\/vc_column_inner][vc_column_inner width=\u00a0\u00bb1\/4&Prime;][vc_single_image image=\u00a0\u00bb139&Prime; img_size=\u00a0\u00bbfull\u00a0\u00bb onclick=\u00a0\u00bbcustom_link\u00a0\u00bb link=\u00a0\u00bbhttp:\/\/la-verriere-arles.com\u00a0\u00bb][\/vc_column_inner][vc_column_inner width=\u00a0\u00bb1\/4&Prime;][\/vc_column_inner][vc_column_inner width=\u00a0\u00bb1\/4&Prime;][\/vc_column_inner][\/vc_row_inner][vc_row_inner][vc_column_inner width=\u00a0\u00bb1\/4&Prime;][\/vc_column_inner][vc_column_inner width=\u00a0\u00bb1\/4&Prime;][vc_column_text]\r\n<h3><span style=\"color: #ffffff;\">Votre nouvel espace de coworking moderne et color\u00e9,\r\nen plein coeur d\u2019Arles !<\/span><\/h3>\r\n[\/vc_column_text][\/vc_column_inner][vc_column_inner width=\u00a0\u00bb1\/4&Prime;][\/vc_column_inner][vc_column_inner width=\u00a0\u00bb1\/4&Prime;][\/vc_column_inner][\/vc_row_inner][\/vc_column][\/vc_row][vc_row css=\u00a0\u00bb.vc_custom_1622551629690{padding-top: 80px !important;padding-bottom: 10px !important;background-color: #007580 !important;}\u00a0\u00bb][vc_column][vc_single_image image=\u00a0\u00bb156&Prime; img_size=\u00a0\u00bbmedium\u00a0\u00bb alignment=\u00a0\u00bbcenter\u00a0\u00bb][vc_row_inner css=\u00a0\u00bb.vc_custom_1622471829607{padding-top: 75px !important;}\u00a0\u00bb][vc_column_inner width=\u00a0\u00bb1\/3&Prime;][vc_column_text]\r\n<h4 style=\"text-align: center;\"><span style=\"color: #ffffff;\">FORFAIT JOURN\u00c9E*<\/span><\/h4>\r\n<h2 style=\"text-align: center;\"><span style=\"color: #ffffff;\"><span style=\"color: #ffcd00;\"><strong>20\u20acHT<\/strong><\/span> \/\r\nJOUR<\/span><\/h2>\r\n[\/vc_column_text][\/vc_column_inner][vc_column_inner width=\u00a0\u00bb1\/3&Prime;][vc_column_text]\r\n<h4 style=\"text-align: center;\"><span style=\"color: #ffffff;\">FORFAIT SEMAINE*<\/span><\/h4>\r\n<h2 style=\"text-align: center;\"><span style=\"color: #ffffff;\"><span style=\"color: #ffcd00;\"><strong>70\u20acHT<\/strong><\/span> \/\r\nSEMAINE<\/span><\/h2>\r\n[\/vc_column_text][\/vc_column_inner][vc_column_inner width=\u00a0\u00bb1\/3&Prime;][vc_column_text]\r\n<h4 style=\"text-align: center;\"><span style=\"color: #ffffff;\">FORFAIT MOIS*<\/span><\/h4>\r\n<h2 style=\"text-align: center;\"><span style=\"color: #ffffff;\"><span style=\"color: #ffcd00;\"><strong>175\u20acHT<\/strong><\/span> \/\r\nMOIS<\/span><\/h2>\r\n[\/vc_column_text][\/vc_column_inner][\/vc_row_inner][vc_single_image image=\u00a0\u00bb368&Prime; img_size=\u00a0\u00bbmedium\u00a0\u00bb alignment=\u00a0\u00bbcenter\u00a0\u00bb][vc_column_text css=\u00a0\u00bb.vc_custom_1622551615907{padding-top: 30px !important;padding-bottom: 0px !important;}\u00a0\u00bb]\r\n<p style=\"text-align: center;\"><span style=\"color: #ffffff;\">*Sous r\u00e9serve des disponibilit\u00e9s<\/span><\/p>\r\n[\/vc_column_text][\/vc_column][\/vc_row][vc_row css=\u00a0\u00bb.vc_custom_1465473898191{padding-bottom: 0px !important;}\u00a0\u00bb][vc_column css=\u00a0\u00bb.vc_custom_1622455335515{padding-top: 50px !important;padding-bottom: 50px !important;}\u00a0\u00bb][vc_column_text]\r\n<h3 style=\"text-align: center;\">La Verri\u00e8re,\r\nun espace de coworking en centre ville d&rsquo;Arles !<\/h3>\r\n[\/vc_column_text][vc_single_image image=\u00a0\u00bb107&Prime; img_size=\u00a0\u00bbfull\u00a0\u00bb alignment=\u00a0\u00bbcenter\u00a0\u00bb css_animation=\u00a0\u00bbnone\u00a0\u00bb][\/vc_column][vc_column width=\u00a0\u00bb1\/4&Prime;][\/vc_column][vc_column width=\u00a0\u00bb1\/2&Prime;][vc_column_text]\r\n<h3><\/h3>\r\n<p class=\"lead\" style=\"text-align: center;\">D\u00e9couvrez notre espace de coworking !\r\nLa Verri\u00e8re se situe \u00e0 quelques minutes de la gare et des Ar\u00e8nes, \u00e0 proximit\u00e9 d\u2019un grand parking facile d\u2019acc\u00e8s.<\/p>\r\n[\/vc_column_text][\/vc_column][vc_column width=\u00a0\u00bb1\/4&Prime;][\/vc_column][vc_column][vc_separator css=\u00a0\u00bb.vc_custom_1622468314597{padding-top: 50px !important;padding-bottom: 50px !important;}\u00a0\u00bb][vc_column_text]\r\n<h3 style=\"text-align: center;\">La Verri\u00e8re,\r\nc&rsquo;est des bureaux modernes, color\u00e9s &amp; tout \u00e9quip\u00e9s !<\/h3>\r\n[\/vc_column_text][vc_single_image image=\u00a0\u00bb113&Prime; img_size=\u00a0\u00bbfull\u00a0\u00bb alignment=\u00a0\u00bbcenter\u00a0\u00bb css_animation=\u00a0\u00bbnone\u00a0\u00bb css=\u00a0\u00bb.vc_custom_1622469509780{padding-top: 50px !important;padding-bottom: 50px !important;}\u00a0\u00bb][\/vc_column][\/vc_row][vc_row][vc_column width=\u00a0\u00bb1\/6&Prime;][\/vc_column][vc_column width=\u00a0\u00bb2\/3&Prime;][vc_column_text]\r\n<p class=\"lead\" style=\"text-align: center;\">Dans cet espace de coworking, tout est mis \u00e0 disposition pour vous offrir les meilleures conditions de travail, tant sur l\u2019aspect fonctionnel (four micro-ondes, caf\u00e9s, th\u00e9s, grande table en bois sur mesure et Wifi 4G) que sur la partie confort (climatisation, grands fauteuils individuels, fen\u00eatres double vitrage).<\/p>\r\n[\/vc_column_text][\/vc_column][vc_column width=\u00a0\u00bb1\/6&Prime;][\/vc_column][\/vc_row][vc_row css=\u00a0\u00bb.vc_custom_1622469484894{padding-top: 0px !important;}\u00a0\u00bb][vc_column css=\u00a0\u00bb.vc_custom_1622469564400{padding-top: 0px !important;}\u00a0\u00bb][vc_single_image image=\u00a0\u00bb143&Prime; img_size=\u00a0\u00bbfull\u00a0\u00bb alignment=\u00a0\u00bbcenter\u00a0\u00bb css_animation=\u00a0\u00bbnone\u00a0\u00bb][\/vc_column][\/vc_row][vc_row][vc_column width=\u00a0\u00bb1\/6&Prime;][\/vc_column][vc_column width=\u00a0\u00bb2\/3&Prime;][vc_column_text]\r\n<p class=\"lead\" style=\"text-align: center;\">Une salle de 10m\u00b2 est \u00e9galement disponible \u00e0 la r\u00e9servation, comprenant une large table en bois, sept places ainsi qu\u2019une t\u00e9l\u00e9vision connect\u00e9e pour pr\u00e9senter vos projets et animer vos r\u00e9unions et rendez-vous.<\/p>\r\n[\/vc_column_text][\/vc_column][vc_column width=\u00a0\u00bb1\/6&Prime;][\/vc_column][\/vc_row][vc_row][vc_column width=\u00a0\u00bb1\/6&Prime;][\/vc_column][vc_column width=\u00a0\u00bb2\/3&Prime;][vc_images_carousel images=\u00a0\u00bb231,239,240,241,242,243,244,245,246,235,236,237&Prime; img_size=\u00a0\u00bbfull\u00a0\u00bb][\/vc_column][vc_column width=\u00a0\u00bb1\/6&Prime;][\/vc_column][\/vc_row][vc_row full_width=\u00a0\u00bbstretch_row\u00a0\u00bb][vc_column]<div class=\"wide-grid masonry\">\n\t<div class=\"masonry__container masonry--animate\">\n\t\t<p class=\"lead\">D\u00e9sol\u00e9, aucun r\u00e9sultat n\u2019a \u00e9t\u00e9 trouv\u00e9, cherchez encore ?<\/p>\n<form class=\"search-form\" method=\"get\" id=\"searchform\" action=\"https:\/\/la-verriere-arles.com\/\">\n\t<div class=\"input-with-icon\">\n\t\t<i class=\"icon-Magnifi-Glass2\"><\/i>\n\t\t<input type=\"text\" id=\"s2\" class=\"mb0\" name=\"s\" placeholder=\"\u00c9crivez ici\" \/>\n\t<\/div>\n<\/form>\t<\/div><!--end masonry container-->\n<\/div>[\/vc_column][\/vc_row][vc_row full_width=\u00a0\u00bbstretch_row\u00a0\u00bb parallax=\u00a0\u00bbcontent-moving\u00a0\u00bb parallax_image=\u00a0\u00bb775&Prime; css=\u00a0\u00bb.vc_custom_1622466425168{padding-top: 80px !important;padding-bottom: 80px !important;background-color: #007580 !important;}\u00a0\u00bb][vc_column width=\u00a0\u00bb1\/4&Prime;][vc_single_image image=\u00a0\u00bb114&Prime; alignment=\u00a0\u00bbcenter\u00a0\u00bb][vc_column_text]\r\n<h5 style=\"text-align: center;\"><span style=\"color: #ffffff;\">Bureaux pouvant accueillir<\/span>\r\n<span style=\"color: #ffffff;\">jusqu&rsquo;\u00e0 4 postes de travail.<\/span><\/h5>\r\n[\/vc_column_text][\/vc_column][vc_column width=\u00a0\u00bb1\/4&Prime;][vc_single_image image=\u00a0\u00bb125&Prime; alignment=\u00a0\u00bbcenter\u00a0\u00bb][vc_column_text]\r\n<h5 style=\"text-align: center;\"><span style=\"color: #ffffff;\">Ouvert du lundi au vendredi,<\/span>\r\n<span style=\"color: #ffffff;\">de 8h45 \u00e0 17h30.<\/span><\/h5>\r\n[\/vc_column_text][\/vc_column][vc_column width=\u00a0\u00bb1\/4&Prime;][vc_single_image image=\u00a0\u00bb116&Prime; alignment=\u00a0\u00bbcenter\u00a0\u00bb][vc_column_text]\r\n<h5 style=\"text-align: center;\"><span style=\"color: #ffffff;\">Surface de 42m2 comprenant les bureaux, une salle de bains,<\/span>\r\n<span style=\"color: #ffffff;\">un espace cuisine et une salle de r\u00e9union.<\/span><\/h5>\r\n[\/vc_column_text][\/vc_column][vc_column width=\u00a0\u00bb1\/4&Prime;][vc_single_image image=\u00a0\u00bb119&Prime; alignment=\u00a0\u00bbcenter\u00a0\u00bb][vc_column_text]\r\n<h5 style=\"text-align: center;\"><span style=\"color: #ffffff;\">Nettoyage et entretien des surfaces<\/span>\r\n<span style=\"color: #ffffff;\">\u00e0 fr\u00e9quence hebdomadaire.<\/span><\/h5>\r\n[\/vc_column_text][\/vc_column][\/vc_row][vc_row][vc_column width=\u00a0\u00bb1\/6&Prime;][\/vc_column][vc_column width=\u00a0\u00bb2\/3&Prime;][vc_column_text]\r\n<h3 style=\"text-align: center;\">Nos avantages<\/h3>\r\n<p class=\"lead\" style=\"text-align: center;\">\u00c0 La Verri\u00e8re,\r\ntout est pens\u00e9 pour vous proposer un cadre de travail id\u00e9al.<\/p>\r\n[\/vc_column_text][\/vc_column][vc_column width=\u00a0\u00bb1\/6&Prime;][\/vc_column][\/vc_row][vc_row css=\u00a0\u00bb.vc_custom_1622471159503{padding-bottom: 100px !important;}\u00a0\u00bb][vc_column width=\u00a0\u00bb1\/3&Prime;][vc_single_image image=\u00a0\u00bb30&Prime; alignment=\u00a0\u00bbcenter\u00a0\u00bb css_animation=\u00a0\u00bbbounceIn\u00a0\u00bb][vc_column_text]\r\n<h5 style=\"text-align: center;\">Espace de coworking en plein\r\ncentre d&rsquo;Arles (5 min des ar\u00e8nes).<\/h5>\r\n[\/vc_column_text][vc_single_image image=\u00a0\u00bb33&Prime; alignment=\u00a0\u00bbcenter\u00a0\u00bb css_animation=\u00a0\u00bbbounceIn\u00a0\u00bb][vc_column_text]\r\n<h5 style=\"text-align: center;\">R\u00e9seau\r\nWi-fi 4G.<\/h5>\r\n[\/vc_column_text][vc_single_image image=\u00a0\u00bb34&Prime; alignment=\u00a0\u00bbcenter\u00a0\u00bb css_animation=\u00a0\u00bbbounceIn\u00a0\u00bb][vc_column_text]\r\n<h5 style=\"text-align: center;\">Espace cuisine avec micro-ondes,\r\ncafeti\u00e8re, th\u00e9s, couverts etc.<\/h5>\r\n[\/vc_column_text][\/vc_column][vc_column width=\u00a0\u00bb1\/3&Prime;][vc_single_image image=\u00a0\u00bb28&Prime; alignment=\u00a0\u00bbcenter\u00a0\u00bb css_animation=\u00a0\u00bbbounceIn\u00a0\u00bb][vc_column_text]\r\n<h5 style=\"text-align: center;\">Parkings \u00e0 proximit\u00e9\r\n(Place Gounod, place Lamartine, etc.).<\/h5>\r\n[\/vc_column_text][vc_single_image image=\u00a0\u00bb35&Prime; alignment=\u00a0\u00bbcenter\u00a0\u00bb css_animation=\u00a0\u00bbbounceIn\u00a0\u00bb][vc_column_text]\r\n<h5 style=\"text-align: center;\">Salle de r\u00e9union de 10m\u00b2 ind\u00e9pendante\r\net \u00e9quip\u00e9e d&rsquo;un \u00e9cran.<\/h5>\r\n[\/vc_column_text][vc_single_image image=\u00a0\u00bb53&Prime; alignment=\u00a0\u00bbcenter\u00a0\u00bb css_animation=\u00a0\u00bbbounceIn\u00a0\u00bb][vc_column_text]\r\n<h5 style=\"text-align: center;\">Imprimantes et encres\r\n\u00e0 disposition.<\/h5>\r\n[\/vc_column_text][\/vc_column][vc_column width=\u00a0\u00bb1\/3&Prime;][vc_single_image image=\u00a0\u00bb24&Prime; alignment=\u00a0\u00bbcenter\u00a0\u00bb css_animation=\u00a0\u00bbbounceIn\u00a0\u00bb][vc_column_text]\r\n<h5 style=\"text-align: center;\">Proximit\u00e9 de la gare SNCF d&rsquo;Arles\r\n(5 minutes \u00e0 pied).<\/h5>\r\n[\/vc_column_text][vc_single_image image=\u00a0\u00bb54&Prime; alignment=\u00a0\u00bbcenter\u00a0\u00bb css_animation=\u00a0\u00bbbounceIn\u00a0\u00bb][vc_column_text]\r\n<h5 style=\"text-align: center;\">Climatisation r\u00e9versible\r\n(entretien annuel).<\/h5>\r\n[\/vc_column_text][\/vc_column][\/vc_row][vc_row el_class=\u00a0\u00bbbg&#8211;primary\u00a0\u00bb css=\u00a0\u00bb.vc_custom_1622549153259{padding-top: 70px !important;padding-bottom: 0px !important;background-color: #ffcd00 !important;}\u00a0\u00bb][vc_column width=\u00a0\u00bb1\/4&Prime; css=\u00a0\u00bb.vc_custom_1622539602857{padding-top: 15px !important;}\u00a0\u00bb][vc_single_image image=\u00a0\u00bb212&Prime; img_size=\u00a0\u00bbfull\u00a0\u00bb alignment=\u00a0\u00bbcenter\u00a0\u00bb onclick=\u00a0\u00bbcustom_link\u00a0\u00bb css=\u00a0\u00bb.vc_custom_1623241674641{padding-top: 20px !important;padding-right: 0px !important;padding-left: 0px !important;}\u00a0\u00bb link=\u00a0\u00bbhttps:\/\/goo.gl\/maps\/3qdixHGKxoT9Uy72A\u00a0\u00bb][vc_column_text css=\u00a0\u00bb.vc_custom_1685621463959{padding-top: 35px !important;padding-right: 0px !important;padding-left: 0px !important;}\u00a0\u00bb]\r\n<h3 style=\"text-align: center;\"><span style=\"color: #007580;\"><strong>La Verri\u00e8re<\/strong><\/span><\/h3>\r\n<h5 style=\"text-align: center;\"><span style=\"color: #333333;\">Espace de coworking sur Arles<\/span>\r\n<span style=\"color: #333333;\">18 rue Am\u00e9d\u00e9e Pichot<\/span>\r\n<span style=\"color: #333333;\">13200 ARLES<\/span>\r\n<strong><span style=\"color: #333333;\">04 90 96 88 86 (Touche 2)<\/span><\/strong><\/h5>\r\n[\/vc_column_text][\/vc_column][vc_column width=\u00a0\u00bb3\/4&Prime;][vc_single_image image=\u00a0\u00bb177&Prime; img_size=\u00a0\u00bbfull\u00a0\u00bb alignment=\u00a0\u00bbcenter\u00a0\u00bb css=\u00a0\u00bb.vc_custom_1622539569488{padding-top: 15px !important;padding-bottom: 70px !important;}\u00a0\u00bb]<div role=\"form\" class=\"wpcf7\" id=\"wpcf7-f19-o1\" lang=\"fr-FR\" dir=\"ltr\">\n<div class=\"screen-reader-response\"><p role=\"status\" aria-live=\"polite\" aria-atomic=\"true\"><\/p> <ul><\/ul><\/div>\n<form action=\"\/index.php\/wp-json\/wp\/v2\/pages\/20#wpcf7-f19-o1\" method=\"post\" class=\"wpcf7-form init\" novalidate=\"novalidate\" data-status=\"init\">\n<div style=\"display: none;\">\n<input type=\"hidden\" name=\"_wpcf7\" value=\"19\" \/>\n<input type=\"hidden\" name=\"_wpcf7_version\" value=\"5.4.1\" \/>\n<input type=\"hidden\" name=\"_wpcf7_locale\" value=\"fr_FR\" \/>\n<input type=\"hidden\" name=\"_wpcf7_unit_tag\" value=\"wpcf7-f19-o1\" \/>\n<input type=\"hidden\" name=\"_wpcf7_container_post\" value=\"0\" \/>\n<input type=\"hidden\" name=\"_wpcf7_posted_data_hash\" value=\"\" \/>\n<\/div>\n<p><label> Votre nom<br \/>\n    <span class=\"wpcf7-form-control-wrap your-name\"><input type=\"text\" name=\"your-name\" value=\"\" size=\"40\" class=\"wpcf7-form-control wpcf7-text wpcf7-validates-as-required\" aria-required=\"true\" aria-invalid=\"false\" \/><\/span> <\/label><\/p>\n<p><label> Votre e-mail<br \/>\n    <span class=\"wpcf7-form-control-wrap your-email\"><input type=\"email\" name=\"your-email\" value=\"\" size=\"40\" class=\"wpcf7-form-control wpcf7-text wpcf7-email wpcf7-validates-as-required wpcf7-validates-as-email\" aria-required=\"true\" aria-invalid=\"false\" \/><\/span> <\/label><\/p>\n<p><label> Sujet du message<br \/>\n    <span class=\"wpcf7-form-control-wrap your-subject\"><input type=\"text\" name=\"your-subject\" value=\"\" size=\"40\" class=\"wpcf7-form-control wpcf7-text wpcf7-validates-as-required\" aria-required=\"true\" aria-invalid=\"false\" \/><\/span> <\/label><\/p>\n<p><label> Votre message<br \/>\n    <span class=\"wpcf7-form-control-wrap your-message\"><textarea name=\"your-message\" cols=\"40\" rows=\"10\" class=\"wpcf7-form-control wpcf7-textarea\" aria-invalid=\"false\"><\/textarea><\/span> <\/label><\/p>\n<p><span class=\"wpcf7-form-control-wrap quiz-595\"><label><span class=\"wpcf7-quiz-label\">3 fois 7 :<\/span> <input type=\"text\" name=\"quiz-595\" size=\"40\" class=\"wpcf7-form-control wpcf7-quiz\" autocomplete=\"off\" aria-required=\"true\" aria-invalid=\"false\" \/><\/label><input type=\"hidden\" name=\"_wpcf7_quiz_answer_quiz-595\" value=\"bc53136455dadda67789866f4f5c4996\" \/><\/span><\/p>\n<p><input type=\"submit\" value=\"Envoyer\" class=\"wpcf7-form-control wpcf7-submit\" \/><\/p>\n<input type='hidden' class='wpcf7-pum' value='{\"closepopup\":false,\"closedelay\":0,\"openpopup\":false,\"openpopup_id\":0}' \/><div class=\"wpcf7-response-output\" aria-hidden=\"true\"><\/div><\/form><\/div>[\/vc_column][\/vc_row][vc_row css=\u00a0\u00bb.vc_custom_1623243753077{padding-top: 100px !important;background-color: #ffffff !important;}\u00a0\u00bb][vc_column width=\u00a0\u00bb1\/4&Prime;][\/vc_column][vc_column width=\u00a0\u00bb1\/4&Prime;][vc_single_image image=\u00a0\u00bb147&Prime; img_size=\u00a0\u00bblarge\u00a0\u00bb alignment=\u00a0\u00bbcenter\u00a0\u00bb][\/vc_column][vc_column width=\u00a0\u00bb1\/4&Prime;][vc_single_image image=\u00a0\u00bb365&Prime; alignment=\u00a0\u00bbcenter\u00a0\u00bb onclick=\u00a0\u00bbcustom_link\u00a0\u00bb img_link_target=\u00a0\u00bb_blank\u00a0\u00bb link=\u00a0\u00bbhttp:\/\/studioshifumi.com\u00a0\u00bb][\/vc_column][vc_column width=\u00a0\u00bb1\/4&Prime;][\/vc_column][\/vc_row][vc_row css=\u00a0\u00bb.vc_custom_1623243759208{padding-top: 30px !important;padding-bottom: 0px !important;background-color: #ffffff !important;}\u00a0\u00bb][vc_column][vc_column_text]\r\n<h6 style=\"text-align: center;\"><span style=\"color: #007580;\">La Verri\u00e8re by <a href=\"https:\/\/studioshifumi.com\/\">Studio Shifumi<\/a><\/span><\/h6>\r\n[\/vc_column_text][\/vc_column][\/vc_row]","protected":false},"excerpt":{"rendered":"<p>[vc_row full_width=\u00a0\u00bbstretch_row\u00a0\u00bb parallax=\u00a0\u00bbcontent-moving\u00a0\u00bb parallax_image=\u00a0\u00bb231&Prime; css=\u00a0\u00bb.vc_custom_1623060079383{margin-top: px !important;margin-bottom: px !important;padding-top: 500px !important;padding-bottom: 500px !important;}\u00a0\u00bb][vc_column css=\u00a0\u00bb.vc_custom_1623229994575{padding-top: 0px !important;}\u00a0\u00bb][vc_row_inner css=\u00a0\u00bb.vc_custom_1622472135593{padding-top: 0px !important;padding-bottom: 80px !important;}\u00a0\u00bb][vc_column_inner width=\u00a0\u00bb1\/4&Prime;][\/vc_column_inner][vc_column_inner width=\u00a0\u00bb1\/4&Prime;][vc_single_image image=\u00a0\u00bb139&Prime; img_size=\u00a0\u00bbfull\u00a0\u00bb onclick=\u00a0\u00bbcustom_link\u00a0\u00bb link=\u00a0\u00bbhttp:\/\/la-verriere-arles.com\u00a0\u00bb][\/vc_column_inner][vc_column_inner width=\u00a0\u00bb1\/4&Prime;][\/vc_column_inner][vc_column_inner width=\u00a0\u00bb1\/4&Prime;][\/vc_column_inner][\/vc_row_inner][vc_row_inner][vc_column_inner width=\u00a0\u00bb1\/4&Prime;][\/vc_column_inner][vc_column_inner width=\u00a0\u00bb1\/4&Prime;][vc_column_text] Votre nouvel espace de coworking moderne et color\u00e9, en plein coeur d\u2019Arles ! [\/vc_column_text][\/vc_column_inner][vc_column_inner width=\u00a0\u00bb1\/4&Prime;][\/vc_column_inner][vc_column_inner width=\u00a0\u00bb1\/4&Prime;][\/vc_column_inner][\/vc_row_inner][\/vc_column][\/vc_row][vc_row css=\u00a0\u00bb.vc_custom_1622551629690{padding-top: 80px !important;padding-bottom: 10px !important;background-color: #007580 !important;}\u00a0\u00bb][vc_column][vc_single_image image=\u00a0\u00bb156&Prime; [&hellip;]<\/p>\n","protected":false},"author":1,"featured_media":0,"parent":0,"menu_order":0,"comment_status":"closed","ping_status":"closed","template":"","meta":[],"yoast_head":"<!-- This site is optimized with the Yoast SEO plugin v16.4 - https:\/\/yoast.com\/wordpress\/plugins\/seo\/ -->\n<title>La Verri\u00e8re - Espace de coworking en coeur de la ville d&#039;Arles<\/title>\n<meta name=\"description\" content=\"La Verri\u00e8re, votre nouvel espace de coworking en plein coeur d&#039;Arles \u00e0 quelques minutes du centre, aux bureaux modernes et color\u00e9s.\" \/>\n<meta name=\"robots\" content=\"index, follow, max-snippet:-1, max-image-preview:large, max-video-preview:-1\" \/>\n<link rel=\"canonical\" href=\"https:\/\/la-verriere-arles.com\/\" \/>\n<meta property=\"og:locale\" content=\"fr_FR\" \/>\n<meta property=\"og:type\" content=\"article\" \/>\n<meta property=\"og:title\" content=\"La Verri\u00e8re - Espace de coworking en coeur de la ville d&#039;Arles\" \/>\n<meta property=\"og:description\" content=\"La Verri\u00e8re, votre nouvel espace de coworking en plein coeur d&#039;Arles \u00e0 quelques minutes du centre, aux bureaux modernes et color\u00e9s.\" \/>\n<meta property=\"og:url\" content=\"https:\/\/la-verriere-arles.com\/\" \/>\n<meta property=\"og:site_name\" content=\"La Verriere\" \/>\n<meta property=\"article:modified_time\" content=\"2025-12-05T10:01:08+00:00\" \/>\n<meta name=\"twitter:card\" content=\"summary_large_image\" \/>\n<meta name=\"twitter:label1\" content=\"Dur\u00e9e de lecture est.\" \/>\n\t<meta name=\"twitter:data1\" content=\"3 minutes\" \/>\n<script type=\"application\/ld+json\" class=\"yoast-schema-graph\">{\"@context\":\"https:\/\/schema.org\",\"@graph\":[{\"@type\":\"WebSite\",\"@id\":\"https:\/\/la-verriere-arles.com\/#website\",\"url\":\"https:\/\/la-verriere-arles.com\/\",\"name\":\"La Verriere\",\"description\":\"Espace de coworking sur Arles\",\"potentialAction\":[{\"@type\":\"SearchAction\",\"target\":\"https:\/\/la-verriere-arles.com\/?s={search_term_string}\",\"query-input\":\"required name=search_term_string\"}],\"inLanguage\":\"fr-FR\"},{\"@type\":\"WebPage\",\"@id\":\"https:\/\/la-verriere-arles.com\/#webpage\",\"url\":\"https:\/\/la-verriere-arles.com\/\",\"name\":\"La Verri\\u00e8re - Espace de coworking en coeur de la ville d'Arles\",\"isPartOf\":{\"@id\":\"https:\/\/la-verriere-arles.com\/#website\"},\"datePublished\":\"2021-05-31T07:41:54+00:00\",\"dateModified\":\"2025-12-05T10:01:08+00:00\",\"description\":\"La Verri\\u00e8re, votre nouvel espace de coworking en plein coeur d'Arles \\u00e0 quelques minutes du centre, aux bureaux modernes et color\\u00e9s.\",\"breadcrumb\":{\"@id\":\"https:\/\/la-verriere-arles.com\/#breadcrumb\"},\"inLanguage\":\"fr-FR\",\"potentialAction\":[{\"@type\":\"ReadAction\",\"target\":[\"https:\/\/la-verriere-arles.com\/\"]}]},{\"@type\":\"BreadcrumbList\",\"@id\":\"https:\/\/la-verriere-arles.com\/#breadcrumb\",\"itemListElement\":[{\"@type\":\"ListItem\",\"position\":1,\"item\":{\"@type\":\"WebPage\",\"@id\":\"https:\/\/la-verriere-arles.com\/\",\"url\":\"https:\/\/la-verriere-arles.com\/\",\"name\":\"Accueil\"}},{\"@type\":\"ListItem\",\"position\":2,\"item\":{\"@id\":\"https:\/\/la-verriere-arles.com\/#webpage\"}}]}]}<\/script>\n<!-- \/ Yoast SEO plugin. -->","cmb2":{"uhe_rest_metabox":{"uhe_rest_text":""}},"_links":{"self":[{"href":"https:\/\/la-verriere-arles.com\/index.php\/wp-json\/wp\/v2\/pages\/20"}],"collection":[{"href":"https:\/\/la-verriere-arles.com\/index.php\/wp-json\/wp\/v2\/pages"}],"about":[{"href":"https:\/\/la-verriere-arles.com\/index.php\/wp-json\/wp\/v2\/types\/page"}],"author":[{"embeddable":true,"href":"https:\/\/la-verriere-arles.com\/index.php\/wp-json\/wp\/v2\/users\/1"}],"replies":[{"embeddable":true,"href":"https:\/\/la-verriere-arles.com\/index.php\/wp-json\/wp\/v2\/comments?post=20"}],"version-history":[{"count":185,"href":"https:\/\/la-verriere-arles.com\/index.php\/wp-json\/wp\/v2\/pages\/20\/revisions"}],"predecessor-version":[{"id":377,"href":"https:\/\/la-verriere-arles.com\/index.php\/wp-json\/wp\/v2\/pages\/20\/revisions\/377"}],"wp:attachment":[{"href":"https:\/\/la-verriere-arles.com\/index.php\/wp-json\/wp\/v2\/media?parent=20"}],"curies":[{"name":"wp","href":"https:\/\/api.w.org\/{rel}","templated":true}]}}